{"id":18,"date":"2025-01-27T08:52:13","date_gmt":"2025-01-27T07:52:13","guid":{"rendered":"https:\/\/estudiofotograficolfdh.es\/?page_id=18"},"modified":"2025-09-16T12:41:35","modified_gmt":"2025-09-16T10:41:35","slug":"cookies","status":"publish","type":"page","link":"https:\/\/estudiofotograficolfdh.es\/en\/cookies\/","title":{"rendered":"Cookie policy"},"content":{"rendered":"<style>.elementor-18 .elementor-element.elementor-element-58548d6{--display:flex;--flex-direction:column;--container-widget-width:100%;--container-widget-height:initial;--container-widget-flex-grow:0;--container-widget-align-self:initial;--flex-wrap-mobile:wrap;--justify-content:center;--gap:0px 0px;--row-gap:0px;--column-gap:0px;--overlay-opacity:0.8;--overlay-mix-blend-mode:screen;--margin-top:0px;--margin-bottom:0px;--margin-left:0px;--margin-right:0px;--padding-top:150px;--padding-bottom:150px;--padding-left:0px;--padding-right:0px;}.elementor-18 .elementor-element.elementor-element-58548d6:not(.elementor-motion-effects-element-type-background), .elementor-18 .elementor-element.elementor-element-58548d6 > .elementor-motion-effects-container > .elementor-motion-effects-layer{background-color:var( --e-global-color-primary );background-image:url(\"https:\/\/estudiofotograficolfdh.es\/wp-content\/uploads\/2025\/03\/Grid-1.png\");background-position:center center;background-repeat:no-repeat;background-size:cover;}.elementor-18 .elementor-element.elementor-element-58548d6::before, .elementor-18 .elementor-element.elementor-element-58548d6 > .elementor-background-video-container::before, .elementor-18 .elementor-element.elementor-element-58548d6 > .e-con-inner > .elementor-background-video-container::before, .elementor-18 .elementor-element.elementor-element-58548d6 > .elementor-background-slideshow::before, .elementor-18 .elementor-element.elementor-element-58548d6 > .e-con-inner > .elementor-background-slideshow::before, .elementor-18 .elementor-element.elementor-element-58548d6 > .elementor-motion-effects-container > .elementor-motion-effects-layer::before{--background-overlay:'';background-color:transparent;background-image:radial-gradient(at top right, var( --e-global-color-5e9dee4 ) 0%, var( --e-global-color-primary ) 60%);}.elementor-18 .elementor-element.elementor-element-d720577{text-align:center;}.elementor-18 .elementor-element.elementor-element-d720577 .elementor-heading-title{font-family:var( --e-global-typography-secondary-font-family ), Sans-serif;font-size:var( --e-global-typography-secondary-font-size );font-weight:var( --e-global-typography-secondary-font-weight );text-decoration:var( --e-global-typography-secondary-text-decoration );line-height:var( --e-global-typography-secondary-line-height );letter-spacing:var( --e-global-typography-secondary-letter-spacing );word-spacing:var( --e-global-typography-secondary-word-spacing );color:var( --e-global-color-accent );}.elementor-18 .elementor-element.elementor-element-a16d082{--display:flex;--min-height:70vh;--flex-direction:column;--container-widget-width:100%;--container-widget-height:initial;--container-widget-flex-grow:0;--container-widget-align-self:initial;--flex-wrap-mobile:wrap;--margin-top:0px;--margin-bottom:0px;--margin-left:0px;--margin-right:0px;--padding-top:5em;--padding-bottom:5em;--padding-left:0em;--padding-right:0em;}@media(max-width:1366px){.elementor-18 .elementor-element.elementor-element-d720577 .elementor-heading-title{font-size:var( --e-global-typography-secondary-font-size );line-height:var( --e-global-typography-secondary-line-height );letter-spacing:var( --e-global-typography-secondary-letter-spacing );word-spacing:var( --e-global-typography-secondary-word-spacing );}}@media(min-width:768px){.elementor-18 .elementor-element.elementor-element-58548d6{--content-width:1440px;}}@media(max-width:1366px) and (min-width:768px){.elementor-18 .elementor-element.elementor-element-58548d6{--content-width:1100px;}}@media(min-width:2400px){.elementor-18 .elementor-element.elementor-element-d720577 .elementor-heading-title{font-size:var( --e-global-typography-secondary-font-size );line-height:var( --e-global-typography-secondary-line-height );letter-spacing:var( --e-global-typography-secondary-letter-spacing );word-spacing:var( --e-global-typography-secondary-word-spacing );}}@media(max-width:1024px){.elementor-18 .elementor-element.elementor-element-58548d6{--padding-top:150px;--padding-bottom:100px;--padding-left:10px;--padding-right:10px;}.elementor-18 .elementor-element.elementor-element-d720577 .elementor-heading-title{font-size:var( --e-global-typography-secondary-font-size );line-height:var( --e-global-typography-secondary-line-height );letter-spacing:var( --e-global-typography-secondary-letter-spacing );word-spacing:var( --e-global-typography-secondary-word-spacing );}}@media(max-width:767px){.elementor-18 .elementor-element.elementor-element-58548d6{--padding-top:100px;--padding-bottom:100px;--padding-left:0px;--padding-right:0px;}.elementor-18 .elementor-element.elementor-element-d720577 .elementor-heading-title{font-size:var( --e-global-typography-secondary-font-size );line-height:var( --e-global-typography-secondary-line-height );letter-spacing:var( --e-global-typography-secondary-letter-spacing );word-spacing:var( --e-global-typography-secondary-word-spacing );}}<\/style>\t\t<div data-elementor-type=\"wp-page\" data-elementor-id=\"18\" class=\"elementor elementor-18\" data-elementor-post-type=\"page\">\n\t\t\t\t<section class=\"elementor-element elementor-element-58548d6 e-flex e-con-boxed e-con e-parent\" data-id=\"58548d6\" data-element_type=\"container\" data-e-type=\"container\" data-settings=\"{&quot;background_background&quot;:&quot;classic&quot;}\">\n\t\t\t\t\t<div class=\"e-con-inner\">\n\t\t\t\t<div class=\"elementor-element elementor-element-d720577 elementor-widget elementor-widget-heading\" data-id=\"d720577\" data-element_type=\"widget\" data-e-type=\"widget\" data-widget_type=\"heading.default\">\n\t\t\t\t<div class=\"elementor-widget-container\">\n\t\t\t\t\t<h1 class=\"elementor-heading-title elementor-size-default\">Cookie policy<\/h1>\t\t\t\t<\/div>\n\t\t\t\t<\/div>\n\t\t\t\t\t<\/div>\n\t\t\t\t<\/section>\n\t\t<section class=\"elementor-element elementor-element-a16d082 e-flex e-con-boxed e-con e-parent\" data-id=\"a16d082\" data-element_type=\"container\" data-e-type=\"container\">\n\t\t\t\t\t<div class=\"e-con-inner\">\n\t\t\t\t<div class=\"elementor-element elementor-element-d6d99ab elementor-widget elementor-widget-text-editor\" data-id=\"d6d99ab\" data-element_type=\"widget\" data-e-type=\"widget\" data-widget_type=\"text-editor.default\">\n\t\t\t\t<div class=\"elementor-widget-container\">\n\t\t\t\t\t\t\t\t\t<p>Access to this Website may involve the use of cookies. Cookies are small amounts of information which are stored in the browser used by each User \u2014in the different devices that can be used to navigate\u2014 so that the server remembers certain information that later and only the server that implemented it will read. Cookies facilitate navigation, make it more user-friendly, and they do not damage the navigation device.<\/p><p>Cookies are automatic procedures for collecting information related to the preferences determined by the User during your visit to the Web Site in order to recognise you as a User and personalize your experience and the use of the Website, and can also, for example, help identify and resolve errors.<\/p><p>The information collected through cookies may include the date and time of Website visits, the pages viewed, time has been on the Website, and the sites visited just before and just after the same. However, no cookie allows the same contact with the User&#039;s telephone number or any other means of personal contact. No cookie can extract information from the User&#039;s hard drive or steal personal information. The only way that the private information of a User forms part of the Cookie file is if the user personally gives that information to the server.<\/p><p>Cookies that enable you to identify a person are considered personal data. Therefore, the same will apply to the Privacy Policy, as described above. In this sense, for the use of the same will be necessary for the consent of the User. This consent will be communicated, on the basis of a choice of authentic, offered through an affirmative decision and positive, before the initial treatment, removable and documented.<\/p><div class=\"\"><h4>First-party Cookies<\/h4><p>Are those cookies that are sent to the computer or the User&#039;s device and managed exclusively by\u00a0<span class=\"blanc-space ng-binding\">LFDH<\/span>\u00a0for the best functioning of the Website. The information that is collected is used to improve the quality of the Web Site and its Content, and your experience as a User. These cookies allow us to recognize the User as a returning visitor to the Website and adapt the content to offer content that is tailored to your preferences.<\/p><\/div><div class=\"\"><h4>Social networking Cookies<\/h4><p><span class=\"blanc-space ng-binding\">LFDH<\/span>\u00a0incorporates plug-ins of social networks, that allow you to access them from the Web Site. For this reason, the social networking cookies may be stored on the browser of the User. The owners of these social networks have their own data protection policies and cookies, being themselves, in each case, responsible for their own files and their own privacy practices. The User must refer to them to learn about these cookies and, if applicable, to the processing of your personal data. For informational purposes only following the links in which you can consult these privacy policies and\/or cookies:<\/p><ul><li>Facebook:\u00a0<a class=\"text-info\" href=\"https:\/\/www.facebook.com\/policies\/cookies\/\">https:\/\/www.facebook.com\/policies\/cookies\/<\/a><\/li><li>Twitter:\u00a0<a class=\"text-info\" href=\"https:\/\/twitter.com\/es\/privacy\">https:\/\/twitter.com\/es\/privacy<\/a><\/li><li>Instagram:\u00a0<a class=\"text-info\" href=\"https:\/\/help.instagram.com\/1896641480634370?ref=ig\">https:\/\/help.instagram.com\/1896641480634370?ref=ig<\/a><\/li><li>YouTube:\u00a0<a class=\"text-info\" href=\"https:\/\/policies.google.com\/privacy?hl=es-419&amp;gl=mx\">https:\/\/policies.google.com\/privacy?hl=es-419&amp;gl=mx<\/a><\/li><li>Pinterest:\u00a0<a class=\"text-info\" href=\"https:\/\/policy.pinterest.com\/es\/privacy-policy\">https:\/\/policy.pinterest.com\/es\/privacy-policy<\/a><\/li><li>LinkedIn:\u00a0<a class=\"text-info\" href=\"https:\/\/www.linkedin.com\/legal\/cookie-policy?trk=hp-cookies\">https:\/\/www.linkedin.com\/legal\/cookie-policy?trk=hp-cookies<\/a><\/li><\/ul><\/div><h4>To disable, reject and delete cookies<\/h4><p>The User can disable, reject and delete the cookies \u2014totally or partially\u2014 installed on your device through the settings on your browser (including, for example, Chrome, Firefox, Safari, Explorer). In this sense, the procedures for rejecting and deleting cookies may differ from one Internet browser to another. In consequence, the User should refer to the instructions provided by the Internet browser you are using. In case you reject the use of cookies \u2014totally or partially\u2014 you may continue to use the Website, although you may have limited the use of some of the benefits of the same.<\/p>\t\t\t\t\t\t\t\t<\/div>\n\t\t\t\t<\/div>\n\t\t\t\t\t<\/div>\n\t\t\t\t<\/section>\n\t\t\t\t<\/div>","protected":false},"excerpt":{"rendered":"<p>El acceso a este Sitio Web puede implicar la utilizaci\u00f3n de cookies. Las cookies son peque\u00f1as cantidades de informaci\u00f3n que se almacenan en el navegador utilizado por cada Usuario \u2014en los distintos dispositivos que pueda utilizar para navegar\u2014 para que el servidor recuerde cierta informaci\u00f3n que posteriormente y \u00fanicamente el servidor que la implement\u00f3 leer\u00e1. [&hellip;]<\/p>\n","protected":false},"author":2,"featured_media":0,"parent":0,"menu_order":93,"comment_status":"closed","ping_status":"closed","template":"elementor_header_footer","meta":{"footnotes":""},"class_list":["post-18","page","type-page","status-publish","hentry"],"yoast_head":"<!-- This site is optimized with the Yoast SEO plugin v27.4 - https:\/\/yoast.com\/product\/yoast-seo-wordpress\/ -->\n<title>Pol\u00edtica de cookies - LFDH<\/title>\n<meta name=\"robots\" content=\"noindex, follow\" \/>\n<meta property=\"og:locale\" content=\"en_US\" \/>\n<meta property=\"og:type\" content=\"article\" \/>\n<meta property=\"og:title\" content=\"Pol\u00edtica de cookies - LFDH\" \/>\n<meta property=\"og:description\" content=\"El acceso a este Sitio Web puede implicar la utilizaci\u00f3n de cookies. Las cookies son peque\u00f1as cantidades de informaci\u00f3n que se almacenan en el navegador utilizado por cada Usuario \u2014en los distintos dispositivos que pueda utilizar para navegar\u2014 para que el servidor recuerde cierta informaci\u00f3n que posteriormente y \u00fanicamente el servidor que la implement\u00f3 leer\u00e1. [&hellip;]\" \/>\n<meta property=\"og:url\" content=\"https:\/\/estudiofotograficolfdh.es\/en\/cookies\/\" \/>\n<meta property=\"og:site_name\" content=\"LFDH\" \/>\n<meta property=\"article:modified_time\" content=\"2025-09-16T10:41:35+00:00\" \/>\n<meta name=\"twitter:card\" content=\"summary_large_image\" \/>\n<meta name=\"twitter:label1\" content=\"Est. reading time\" \/>\n\t<meta name=\"twitter:data1\" content=\"3 minutes\" \/>\n<script type=\"application\/ld+json\" class=\"yoast-schema-graph\">{\"@context\":\"https:\\\/\\\/schema.org\",\"@graph\":[{\"@type\":\"WebPage\",\"@id\":\"https:\\\/\\\/estudiofotograficolfdh.es\\\/cookies\\\/\",\"url\":\"https:\\\/\\\/estudiofotograficolfdh.es\\\/cookies\\\/\",\"name\":\"Pol\u00edtica de cookies - LFDH\",\"isPartOf\":{\"@id\":\"https:\\\/\\\/estudiofotograficolfdh.es\\\/#website\"},\"datePublished\":\"2025-01-27T07:52:13+00:00\",\"dateModified\":\"2025-09-16T10:41:35+00:00\",\"breadcrumb\":{\"@id\":\"https:\\\/\\\/estudiofotograficolfdh.es\\\/cookies\\\/#breadcrumb\"},\"inLanguage\":\"en-US\",\"potentialAction\":[{\"@type\":\"ReadAction\",\"target\":[\"https:\\\/\\\/estudiofotograficolfdh.es\\\/cookies\\\/\"]}]},{\"@type\":\"BreadcrumbList\",\"@id\":\"https:\\\/\\\/estudiofotograficolfdh.es\\\/cookies\\\/#breadcrumb\",\"itemListElement\":[{\"@type\":\"ListItem\",\"position\":1,\"name\":\"Portada\",\"item\":\"https:\\\/\\\/estudiofotograficolfdh.es\\\/\"},{\"@type\":\"ListItem\",\"position\":2,\"name\":\"Pol\u00edtica de cookies\"}]},{\"@type\":\"WebSite\",\"@id\":\"https:\\\/\\\/estudiofotograficolfdh.es\\\/#website\",\"url\":\"https:\\\/\\\/estudiofotograficolfdh.es\\\/\",\"name\":\"LFDH\",\"description\":\"LFDH Estudio Fotogr\u00e1fico es un espacio profesional para fot\u00f3grafos, vide\u00f3grafos y productoras, ofreciendo alquiler de estudio, iluminaci\u00f3n y sets de alta calidad. Descubre un entorno ideal con asesoramiento experto para llevar tus proyectos al siguiente nivel.\",\"potentialAction\":[{\"@type\":\"SearchAction\",\"target\":{\"@type\":\"EntryPoint\",\"urlTemplate\":\"https:\\\/\\\/estudiofotograficolfdh.es\\\/?s={search_term_string}\"},\"query-input\":{\"@type\":\"PropertyValueSpecification\",\"valueRequired\":true,\"valueName\":\"search_term_string\"}}],\"inLanguage\":\"en-US\"}]}<\/script>\n<!-- \/ Yoast SEO plugin. -->","yoast_head_json":{"title":"Pol\u00edtica de cookies - LFDH","robots":{"index":"noindex","follow":"follow"},"og_locale":"en_US","og_type":"article","og_title":"Pol\u00edtica de cookies - LFDH","og_description":"El acceso a este Sitio Web puede implicar la utilizaci\u00f3n de cookies. Las cookies son peque\u00f1as cantidades de informaci\u00f3n que se almacenan en el navegador utilizado por cada Usuario \u2014en los distintos dispositivos que pueda utilizar para navegar\u2014 para que el servidor recuerde cierta informaci\u00f3n que posteriormente y \u00fanicamente el servidor que la implement\u00f3 leer\u00e1. [&hellip;]","og_url":"https:\/\/estudiofotograficolfdh.es\/en\/cookies\/","og_site_name":"LFDH","article_modified_time":"2025-09-16T10:41:35+00:00","twitter_card":"summary_large_image","twitter_misc":{"Est. reading time":"3 minutes"},"schema":{"@context":"https:\/\/schema.org","@graph":[{"@type":"WebPage","@id":"https:\/\/estudiofotograficolfdh.es\/cookies\/","url":"https:\/\/estudiofotograficolfdh.es\/cookies\/","name":"Pol\u00edtica de cookies - LFDH","isPartOf":{"@id":"https:\/\/estudiofotograficolfdh.es\/#website"},"datePublished":"2025-01-27T07:52:13+00:00","dateModified":"2025-09-16T10:41:35+00:00","breadcrumb":{"@id":"https:\/\/estudiofotograficolfdh.es\/cookies\/#breadcrumb"},"inLanguage":"en-US","potentialAction":[{"@type":"ReadAction","target":["https:\/\/estudiofotograficolfdh.es\/cookies\/"]}]},{"@type":"BreadcrumbList","@id":"https:\/\/estudiofotograficolfdh.es\/cookies\/#breadcrumb","itemListElement":[{"@type":"ListItem","position":1,"name":"Portada","item":"https:\/\/estudiofotograficolfdh.es\/"},{"@type":"ListItem","position":2,"name":"Pol\u00edtica de cookies"}]},{"@type":"WebSite","@id":"https:\/\/estudiofotograficolfdh.es\/#website","url":"https:\/\/estudiofotograficolfdh.es\/","name":"LFDH","description":"LFDH Estudio Fotogr\u00e1fico es un espacio profesional para fot\u00f3grafos, vide\u00f3grafos y productoras, ofreciendo alquiler de estudio, iluminaci\u00f3n y sets de alta calidad. Descubre un entorno ideal con asesoramiento experto para llevar tus proyectos al siguiente nivel.","potentialAction":[{"@type":"SearchAction","target":{"@type":"EntryPoint","urlTemplate":"https:\/\/estudiofotograficolfdh.es\/?s={search_term_string}"},"query-input":{"@type":"PropertyValueSpecification","valueRequired":true,"valueName":"search_term_string"}}],"inLanguage":"en-US"}]}},"_links":{"self":[{"href":"https:\/\/estudiofotograficolfdh.es\/en\/wp-json\/wp\/v2\/pages\/18","targetHints":{"allow":["GET"]}}],"collection":[{"href":"https:\/\/estudiofotograficolfdh.es\/en\/wp-json\/wp\/v2\/pages"}],"about":[{"href":"https:\/\/estudiofotograficolfdh.es\/en\/wp-json\/wp\/v2\/types\/page"}],"author":[{"embeddable":true,"href":"https:\/\/estudiofotograficolfdh.es\/en\/wp-json\/wp\/v2\/users\/2"}],"replies":[{"embeddable":true,"href":"https:\/\/estudiofotograficolfdh.es\/en\/wp-json\/wp\/v2\/comments?post=18"}],"version-history":[{"count":26,"href":"https:\/\/estudiofotograficolfdh.es\/en\/wp-json\/wp\/v2\/pages\/18\/revisions"}],"predecessor-version":[{"id":1218,"href":"https:\/\/estudiofotograficolfdh.es\/en\/wp-json\/wp\/v2\/pages\/18\/revisions\/1218"}],"wp:attachment":[{"href":"https:\/\/estudiofotograficolfdh.es\/en\/wp-json\/wp\/v2\/media?parent=18"}],"curies":[{"name":"wp","href":"https:\/\/api.w.org\/{rel}","templated":true}]}}