{"id":16,"date":"2025-01-27T08:51:21","date_gmt":"2025-01-27T07:51:21","guid":{"rendered":"https:\/\/estudiofotograficolfdh.es\/?page_id=16"},"modified":"2025-09-16T12:41:23","modified_gmt":"2025-09-16T10:41:23","slug":"legal","status":"publish","type":"page","link":"https:\/\/estudiofotograficolfdh.es\/en\/legal\/","title":{"rendered":"Legal notice"},"content":{"rendered":"<style>.elementor-16 .elementor-element.elementor-element-2c91d85{--display:flex;--flex-direction:column;--container-widget-width:100%;--container-widget-height:initial;--container-widget-flex-grow:0;--container-widget-align-self:initial;--flex-wrap-mobile:wrap;--justify-content:center;--gap:0px 0px;--row-gap:0px;--column-gap:0px;--overlay-opacity:0.8;--overlay-mix-blend-mode:screen;--margin-top:0px;--margin-bottom:0px;--margin-left:0px;--margin-right:0px;--padding-top:150px;--padding-bottom:150px;--padding-left:0px;--padding-right:0px;}.elementor-16 .elementor-element.elementor-element-2c91d85:not(.elementor-motion-effects-element-type-background), .elementor-16 .elementor-element.elementor-element-2c91d85 > .elementor-motion-effects-container > .elementor-motion-effects-layer{background-color:var( --e-global-color-primary );background-image:url(\"https:\/\/estudiofotograficolfdh.es\/wp-content\/uploads\/2025\/03\/Grid-1.png\");background-position:center center;background-repeat:no-repeat;background-size:cover;}.elementor-16 .elementor-element.elementor-element-2c91d85::before, .elementor-16 .elementor-element.elementor-element-2c91d85 > .elementor-background-video-container::before, .elementor-16 .elementor-element.elementor-element-2c91d85 > .e-con-inner > .elementor-background-video-container::before, .elementor-16 .elementor-element.elementor-element-2c91d85 > .elementor-background-slideshow::before, .elementor-16 .elementor-element.elementor-element-2c91d85 > .e-con-inner > .elementor-background-slideshow::before, .elementor-16 .elementor-element.elementor-element-2c91d85 > .elementor-motion-effects-container > .elementor-motion-effects-layer::before{--background-overlay:'';background-color:transparent;background-image:radial-gradient(at top right, var( --e-global-color-5e9dee4 ) 0%, var( --e-global-color-primary ) 60%);}.elementor-16 .elementor-element.elementor-element-b5fc5e8{text-align:center;}.elementor-16 .elementor-element.elementor-element-b5fc5e8 .elementor-heading-title{font-family:var( --e-global-typography-secondary-font-family ), Sans-serif;font-size:var( --e-global-typography-secondary-font-size );font-weight:var( --e-global-typography-secondary-font-weight );text-decoration:var( --e-global-typography-secondary-text-decoration );line-height:var( --e-global-typography-secondary-line-height );letter-spacing:var( --e-global-typography-secondary-letter-spacing );word-spacing:var( --e-global-typography-secondary-word-spacing );color:var( --e-global-color-accent );}.elementor-16 .elementor-element.elementor-element-d3a9dce{--display:flex;--min-height:70vh;--flex-direction:column;--container-widget-width:100%;--container-widget-height:initial;--container-widget-flex-grow:0;--container-widget-align-self:initial;--flex-wrap-mobile:wrap;--margin-top:0px;--margin-bottom:0px;--margin-left:0px;--margin-right:0px;--padding-top:5em;--padding-bottom:5em;--padding-left:0em;--padding-right:0em;}@media(max-width:1366px){.elementor-16 .elementor-element.elementor-element-b5fc5e8 .elementor-heading-title{font-size:var( --e-global-typography-secondary-font-size );line-height:var( --e-global-typography-secondary-line-height );letter-spacing:var( --e-global-typography-secondary-letter-spacing );word-spacing:var( --e-global-typography-secondary-word-spacing );}}@media(min-width:768px){.elementor-16 .elementor-element.elementor-element-2c91d85{--content-width:1440px;}}@media(max-width:1366px) and (min-width:768px){.elementor-16 .elementor-element.elementor-element-2c91d85{--content-width:1100px;}}@media(min-width:2400px){.elementor-16 .elementor-element.elementor-element-b5fc5e8 .elementor-heading-title{font-size:var( --e-global-typography-secondary-font-size );line-height:var( --e-global-typography-secondary-line-height );letter-spacing:var( --e-global-typography-secondary-letter-spacing );word-spacing:var( --e-global-typography-secondary-word-spacing );}}@media(max-width:1024px){.elementor-16 .elementor-element.elementor-element-2c91d85{--padding-top:150px;--padding-bottom:100px;--padding-left:10px;--padding-right:10px;}.elementor-16 .elementor-element.elementor-element-b5fc5e8 .elementor-heading-title{font-size:var( --e-global-typography-secondary-font-size );line-height:var( --e-global-typography-secondary-line-height );letter-spacing:var( --e-global-typography-secondary-letter-spacing );word-spacing:var( --e-global-typography-secondary-word-spacing );}}@media(max-width:767px){.elementor-16 .elementor-element.elementor-element-2c91d85{--padding-top:100px;--padding-bottom:100px;--padding-left:0px;--padding-right:0px;}.elementor-16 .elementor-element.elementor-element-b5fc5e8 .elementor-heading-title{font-size:var( --e-global-typography-secondary-font-size );line-height:var( --e-global-typography-secondary-line-height );letter-spacing:var( --e-global-typography-secondary-letter-spacing );word-spacing:var( --e-global-typography-secondary-word-spacing );}}<\/style>\t\t<div data-elementor-type=\"wp-page\" data-elementor-id=\"16\" class=\"elementor elementor-16\" data-elementor-post-type=\"page\">\n\t\t\t\t<section class=\"elementor-element elementor-element-2c91d85 e-flex e-con-boxed e-con e-parent\" data-id=\"2c91d85\" data-element_type=\"container\" data-e-type=\"container\" data-settings=\"{&quot;background_background&quot;:&quot;classic&quot;}\">\n\t\t\t\t\t<div class=\"e-con-inner\">\n\t\t\t\t<div class=\"elementor-element elementor-element-b5fc5e8 elementor-widget elementor-widget-heading\" data-id=\"b5fc5e8\" data-element_type=\"widget\" data-e-type=\"widget\" data-widget_type=\"heading.default\">\n\t\t\t\t<div class=\"elementor-widget-container\">\n\t\t\t\t\t<h1 class=\"elementor-heading-title elementor-size-default\">Legal notice<\/h1>\t\t\t\t<\/div>\n\t\t\t\t<\/div>\n\t\t\t\t\t<\/div>\n\t\t\t\t<\/section>\n\t\t<section class=\"elementor-element elementor-element-d3a9dce e-flex e-con-boxed e-con e-parent\" data-id=\"d3a9dce\" data-element_type=\"container\" data-e-type=\"container\">\n\t\t\t\t\t<div class=\"e-con-inner\">\n\t\t\t\t<div class=\"elementor-element elementor-element-c9760a6 elementor-widget elementor-widget-text-editor\" data-id=\"c9760a6\" data-element_type=\"widget\" data-e-type=\"widget\" data-widget_type=\"text-editor.default\">\n\t\t\t\t<div class=\"elementor-widget-container\">\n\t\t\t\t\t\t\t\t\t<h3>I. GENERAL INFORMATION<\/h3><p>In compliance with the duty of information established in the Law 34\/2002 of Services of the Information Society and Electronic Commerce (LSSI-CE), of 11 July, provided below the following general information data of this website:<\/p><p>Ownership of this web site,\u00a0<span class=\"blanc-space ng-binding\">https:\/\/estudiofotograficolfdh.es\/<\/span>(hereinafter, Website), the holds:\u00a0<span class=\"blanc-space ng-binding\">Enrique Mateos Serrano<\/span>with NIF:\u00a0<span class=\"blanc-space ng-binding\">48372687F<\/span>, and whose contact details are:<\/p><p>Address:\u00a0<span class=\"blanc-space ng-binding\">Francisco Vicente Rodriguez 23. 4-B<\/span><\/p><p>Contact phone:\u00a0<span class=\"blanc-space ng-binding\">+34666822402<\/span><\/p><p>Contact Email:\u00a0<span class=\"blanc-space ng-binding\">enrique.mateos.serrano@gmail.com<\/span><\/p><h3>II. GENERAL TERMS AND CONDITIONS OF USE<\/h3><h4>The object of the conditions: The Website<\/h4><p>The object of the present General terms and Conditions of Use (hereinafter, Terms) is to regulate the access to and the use of the Website. For the purposes of the present terms and Conditions shall be construed as Web Site: the external appearance of the screen interfaces, both static and dynamic, that is to say, the navigation tree; and all the elements integrated into both the screen interfaces and in the navigation tree (hereinafter, Contents) and all those services and online resources in your case to provide to the Users (hereinafter, Services).<\/p><p><span class=\"blanc-space ng-binding\">LFDH<\/span>\u00a0reserves the right to modify, at any time, and without prior notice, the presentation and configuration of the Website and of the Contents and Services that it could be incorporated. The User acknowledges and accepts that at any time\u00a0<span class=\"blanc-space ng-binding\">LFDH<\/span>\u00a0may interrupt, deactivate and\/or cancel any of these elements are integrated into the Website or the access to them.<\/p><p>Access to the Website by the User is free and, as a general rule, it is free without the User having to provide for a consideration to be able to enjoy it, except for the cost of connection through the telecommunications network supplied by the access provider contracted by the User.<\/p><p>The use of any of the Contents or Services of the Website may be made by the subscription or prior registration of the User.<\/p><h4>User<\/h4><p>The access, navigation and use of the Website, as well as the spaces that are enabled to interact between Users, and the User and\u00a0<span class=\"blanc-space ng-binding\">LFDH<\/span>as reviews and\/or spaces of blogging, confers the condition of User, accepting, from that you start the navigation for the Web Site, all of the Conditions set forth herein, as well as its subsequent amendments, without prejudice to the application of the corresponding regulations, legal compliance as the case may be. Given the relevance of the above, it is recommended that the User read them each time you visit the Web Site.<\/p><p>The Web Site of\u00a0<span class=\"blanc-space ng-binding\">LFDH<\/span>\u00a0provides a great diversity of information, services and data. The User assumes his responsibility to make a correct use of the Website. This responsibility will extend to:<\/p><ul><li>The use of the information, Content and\/or Services and data offered by\u00a0<span class=\"blanc-space ng-binding\">LFDH<\/span>\u00a0without that it is contrary to the provisions of present Terms, the Law, morality or public order, or which otherwise may involve injury to the rights of third parties or the same functioning of the Website.<\/li><li>The veracity and legality of the information provided by the User in the forms issued by\u00a0<span class=\"blanc-space ng-binding\">LFDH<\/span>\u00a0for access to certain Content or Services offered by the Website. In any case, the User will immediately notify\u00a0<span class=\"blanc-space ng-binding\">LFDH<\/span>\u00a0about any fact that allows the improper use of the information recorded on these forms, such as, but not limited to, the theft, loss, or unauthorized access to ids and\/or passwords, in order to proceed to their immediate cancellation.<\/li><\/ul><p><span class=\"blanc-space ng-binding\">LFDH<\/span>\u00a0reserves the right to withdraw all comments and contributions that violate the law, the respect for the dignity of the person, which are discriminatory, xenophobic, racist, pornographic, spamming, that attempt against youth or childhood, order or public security or that, in its opinion, are not suitable for publication.<\/p><p>In any case,\u00a0<span class=\"blanc-space ng-binding\">LFDH<\/span>\u00a0will not be responsible for the opinions expressed by Users through comments or other tools for blogging or participation that may be.<\/p><p>The mere access to this Website does not imply any kind of commercial relationship between\u00a0<span class=\"blanc-space ng-binding\">LFDH<\/span>\u00a0and the User.<\/p><p>The User declares to be of age and have the legal capacity to be bound by these Terms. Therefore, this Web-Site\u00a0<span class=\"blanc-space ng-binding\">LFDH<\/span>\u00a0it is not directed to minors.\u00a0<span class=\"blanc-space ng-binding\">LFDH<\/span>\u00a0disclaims any liability for the breach of this requirement.<\/p><p>The Website is primarily aimed at Users residing in\u00a0<span class=\"blanc-space ng-binding\">Spain<\/span>.\u00a0<span class=\"blanc-space ng-binding\">LFDH<\/span>\u00a0does not ensure that the Website complies with laws of other countries, either totally or partially. If the User resides or has his domicile in another place and decide to access and\/or browse in the Website, you do so under your own responsibility, you must ensure that such access and navigation to comply with the local legislation that is applicable, not assuming\u00a0<span class=\"blanc-space ng-binding\">LFDH<\/span>\u00a0any liability that may arise from such access.<\/p><h3>III. ACCESS TO AND NAVIGATION ON THE WEBSITE: EXCLUSION OF WARRANTIES AND LIABILITY<\/h3><p><span class=\"blanc-space ng-binding\">LFDH<\/span>\u00a0does not guarantee the continuity, availability and usefulness of the Web Site, or the Content or Services.\u00a0<span class=\"blanc-space ng-binding\">LFDH<\/span>\u00a0will do everything possible for the good functioning of the Website, however, is not responsible nor guarantee that access to this Website will not be uninterrupted or error-free.<\/p><p>It is neither responsible nor guarantee that the content or software that can be accessed through this Web Site, will be error-free or may cause damage to the computer system (software and hardware) of the User. In any case\u00a0<span class=\"blanc-space ng-binding\">LFDH<\/span>\u00a0you will be responsible for losses or damages of any kind arising from the access to, navigation and use of the Website, including, but not limited to, those caused to computer systems or those caused by the introduction of virus.<\/p><p><span class=\"blanc-space ng-binding\">LFDH<\/span>\u00a0neither is it liable for the damages that may be caused to users due to improper use of this Web Site. In particular, not be liable in any way for any failures, interruptions, lack or defect of telecommunications that may occur.<\/p><h3>IV. LINKS POLICY<\/h3><p>The User or a third party that you make a hyperlink from one web page to another, different, web site, Web Site\u00a0<span class=\"blanc-space ng-binding\">LFDH<\/span>\u00a0you must know that:<\/p><p>Do not allow the reproduction \u2014in whole or in part, of any of the Contents and\/or Services from the Website without the express authorization of\u00a0<span class=\"blanc-space ng-binding\">LFDH<\/span>.<\/p><p>It is not allowed nor is any statement that is false, inaccurate, or incorrect information on the Web Site\u00a0<span class=\"blanc-space ng-binding\">LFDH<\/span>, or the Contents and\/or Services of the same.<\/p><p>Except for the hyperlink, the website on which it is established such a hyperlink does not contain any element of this Website, protected as intellectual property by the Spanish legal system, except with the express authorization of\u00a0<span class=\"blanc-space ng-binding\">LFDH<\/span>.<\/p><p>The establishment of the hyperlink does not imply the existence of relations between\u00a0<span class=\"blanc-space ng-binding\">LFDH<\/span>\u00a0and the owner of the web site from which it is made, nor the knowledge and acceptance of\u00a0<span class=\"blanc-space ng-binding\">LFDH<\/span>\u00a0the content, services and\/or activities offered on this web site, and vice versa.<\/p><h3>V. INTELLECTUAL AND INDUSTRIAL PROPERTY<\/h3><p><span class=\"blanc-space ng-binding\">LFDH<\/span>\u00a0by itself or as an assignee, is the holder of all the rights of intellectual and industrial property rights of the Website, as well as the elements contained therein (by way of example and not limitation, images, sound, audio, video, software or texts, trademarks or logos, combinations of colors, structure and design, selection of used materials, computer programs necessary for its operation, access and use, etc). They will, therefore, works protected as intellectual property by the Spanish legal system, they are subject to applicable both Spanish and eu regulations in this field, such as international treaties relating to the matter and signed by Spain.<\/p><p>All rights reserved. Under the provisions of the Law on Intellectual Property are expressly prohibited the reproduction, distribution and public communication, including its modality of making available, of all or part of the contents of this web page, for commercial purposes, in any support and by any technical means, without the authorization of\u00a0<span class=\"blanc-space ng-binding\">LFDH<\/span>.<\/p><p>The User undertakes to respect the rights of intellectual and industrial property\u00a0<span class=\"blanc-space ng-binding\">LFDH<\/span>. You can view the elements of the Web Site or even print them, copy them and store them on the hard drive of your computer or in any other physical support provided that it is exclusively for your personal use. The User, however, you may not remove, alter, or manipulate any protection device or security system that was installed on the Website.<\/p><p>In the event that the User or third party considers that any of the Content on the Site may be a violation of the rights of intellectual property protection, it must immediately notify\u00a0<span class=\"blanc-space ng-binding\">LFDH<\/span>\u00a0via the contact data of the section of GENERAL INFORMATION of this Legal Notice and the terms and Conditions of Use.<\/p><h3>VI. LEGAL ACTIONS, APPLICABLE LEGISLATION AND JURISDICTION<\/h3><p><span class=\"blanc-space ng-binding\">LFDH<\/span>\u00a0reserves the right to present civil or criminal actions it deems necessary for the improper use of the Website and Contents or for the breach of these Conditions.<\/p><p>The relationship between the User and\u00a0<span class=\"blanc-space ng-binding\">LFDH<\/span>\u00a0shall be governed by the current regulations applicable in Spanish territory. Arise any dispute in connection with the interpretation and\/or application of these Conditions, the parties shall submit their disputes to the ordinary jurisdiction and subject to the judges and courts that apply according to law.<\/p>\t\t\t\t\t\t\t\t<\/div>\n\t\t\t\t<\/div>\n\t\t\t\t\t<\/div>\n\t\t\t\t<\/section>\n\t\t\t\t<\/div>","protected":false},"excerpt":{"rendered":"<p>I. INFORMACI\u00d3N GENERAL En cumplimiento con el deber de informaci\u00f3n dispuesto en la Ley 34\/2002 de Servicios de la Sociedad de la Informaci\u00f3n y el Comercio Electr\u00f3nico (LSSI-CE) de 11 de julio, se facilitan a continuaci\u00f3n los siguientes datos de informaci\u00f3n general de este sitio web: La titularidad de este sitio web,\u00a0https:\/\/estudiofotograficolfdh.es\/, (en adelante, Sitio [&hellip;]<\/p>\n","protected":false},"author":2,"featured_media":0,"parent":0,"menu_order":91,"comment_status":"closed","ping_status":"closed","template":"elementor_header_footer","meta":{"footnotes":""},"class_list":["post-16","page","type-page","status-publish","hentry"],"yoast_head":"<!-- This site is optimized with the Yoast SEO plugin v27.3 - https:\/\/yoast.com\/product\/yoast-seo-wordpress\/ -->\n<title>Aviso legal - LFDH<\/title>\n<meta name=\"robots\" content=\"noindex, follow\" \/>\n<meta property=\"og:locale\" content=\"en_US\" \/>\n<meta property=\"og:type\" content=\"article\" \/>\n<meta property=\"og:title\" content=\"Aviso legal - LFDH\" \/>\n<meta property=\"og:description\" content=\"I. INFORMACI\u00d3N GENERAL En cumplimiento con el deber de informaci\u00f3n dispuesto en la Ley 34\/2002 de Servicios de la Sociedad de la Informaci\u00f3n y el Comercio Electr\u00f3nico (LSSI-CE) de 11 de julio, se facilitan a continuaci\u00f3n los siguientes datos de informaci\u00f3n general de este sitio web: La titularidad de este sitio web,\u00a0https:\/\/estudiofotograficolfdh.es\/, (en adelante, Sitio [&hellip;]\" \/>\n<meta property=\"og:url\" content=\"https:\/\/estudiofotograficolfdh.es\/en\/legal\/\" \/>\n<meta property=\"og:site_name\" content=\"LFDH\" \/>\n<meta property=\"article:modified_time\" content=\"2025-09-16T10:41:23+00:00\" \/>\n<meta name=\"twitter:card\" content=\"summary_large_image\" \/>\n<meta name=\"twitter:label1\" content=\"Est. reading time\" \/>\n\t<meta name=\"twitter:data1\" content=\"8 minutes\" \/>\n<script type=\"application\/ld+json\" class=\"yoast-schema-graph\">{\"@context\":\"https:\\\/\\\/schema.org\",\"@graph\":[{\"@type\":\"WebPage\",\"@id\":\"https:\\\/\\\/estudiofotograficolfdh.es\\\/legal\\\/\",\"url\":\"https:\\\/\\\/estudiofotograficolfdh.es\\\/legal\\\/\",\"name\":\"Aviso legal - LFDH\",\"isPartOf\":{\"@id\":\"https:\\\/\\\/estudiofotograficolfdh.es\\\/#website\"},\"datePublished\":\"2025-01-27T07:51:21+00:00\",\"dateModified\":\"2025-09-16T10:41:23+00:00\",\"breadcrumb\":{\"@id\":\"https:\\\/\\\/estudiofotograficolfdh.es\\\/legal\\\/#breadcrumb\"},\"inLanguage\":\"en-US\",\"potentialAction\":[{\"@type\":\"ReadAction\",\"target\":[\"https:\\\/\\\/estudiofotograficolfdh.es\\\/legal\\\/\"]}]},{\"@type\":\"BreadcrumbList\",\"@id\":\"https:\\\/\\\/estudiofotograficolfdh.es\\\/legal\\\/#breadcrumb\",\"itemListElement\":[{\"@type\":\"ListItem\",\"position\":1,\"name\":\"Portada\",\"item\":\"https:\\\/\\\/estudiofotograficolfdh.es\\\/\"},{\"@type\":\"ListItem\",\"position\":2,\"name\":\"Aviso legal\"}]},{\"@type\":\"WebSite\",\"@id\":\"https:\\\/\\\/estudiofotograficolfdh.es\\\/#website\",\"url\":\"https:\\\/\\\/estudiofotograficolfdh.es\\\/\",\"name\":\"LFDH\",\"description\":\"LFDH Estudio Fotogr\u00e1fico es un espacio profesional para fot\u00f3grafos, vide\u00f3grafos y productoras, ofreciendo alquiler de estudio, iluminaci\u00f3n y sets de alta calidad. Descubre un entorno ideal con asesoramiento experto para llevar tus proyectos al siguiente nivel.\",\"potentialAction\":[{\"@type\":\"SearchAction\",\"target\":{\"@type\":\"EntryPoint\",\"urlTemplate\":\"https:\\\/\\\/estudiofotograficolfdh.es\\\/?s={search_term_string}\"},\"query-input\":{\"@type\":\"PropertyValueSpecification\",\"valueRequired\":true,\"valueName\":\"search_term_string\"}}],\"inLanguage\":\"en-US\"}]}<\/script>\n<!-- \/ Yoast SEO plugin. -->","yoast_head_json":{"title":"Aviso legal - LFDH","robots":{"index":"noindex","follow":"follow"},"og_locale":"en_US","og_type":"article","og_title":"Aviso legal - LFDH","og_description":"I. INFORMACI\u00d3N GENERAL En cumplimiento con el deber de informaci\u00f3n dispuesto en la Ley 34\/2002 de Servicios de la Sociedad de la Informaci\u00f3n y el Comercio Electr\u00f3nico (LSSI-CE) de 11 de julio, se facilitan a continuaci\u00f3n los siguientes datos de informaci\u00f3n general de este sitio web: La titularidad de este sitio web,\u00a0https:\/\/estudiofotograficolfdh.es\/, (en adelante, Sitio [&hellip;]","og_url":"https:\/\/estudiofotograficolfdh.es\/en\/legal\/","og_site_name":"LFDH","article_modified_time":"2025-09-16T10:41:23+00:00","twitter_card":"summary_large_image","twitter_misc":{"Est. reading time":"8 minutes"},"schema":{"@context":"https:\/\/schema.org","@graph":[{"@type":"WebPage","@id":"https:\/\/estudiofotograficolfdh.es\/legal\/","url":"https:\/\/estudiofotograficolfdh.es\/legal\/","name":"Aviso legal - LFDH","isPartOf":{"@id":"https:\/\/estudiofotograficolfdh.es\/#website"},"datePublished":"2025-01-27T07:51:21+00:00","dateModified":"2025-09-16T10:41:23+00:00","breadcrumb":{"@id":"https:\/\/estudiofotograficolfdh.es\/legal\/#breadcrumb"},"inLanguage":"en-US","potentialAction":[{"@type":"ReadAction","target":["https:\/\/estudiofotograficolfdh.es\/legal\/"]}]},{"@type":"BreadcrumbList","@id":"https:\/\/estudiofotograficolfdh.es\/legal\/#breadcrumb","itemListElement":[{"@type":"ListItem","position":1,"name":"Portada","item":"https:\/\/estudiofotograficolfdh.es\/"},{"@type":"ListItem","position":2,"name":"Aviso legal"}]},{"@type":"WebSite","@id":"https:\/\/estudiofotograficolfdh.es\/#website","url":"https:\/\/estudiofotograficolfdh.es\/","name":"LFDH","description":"LFDH Estudio Fotogr\u00e1fico es un espacio profesional para fot\u00f3grafos, vide\u00f3grafos y productoras, ofreciendo alquiler de estudio, iluminaci\u00f3n y sets de alta calidad. Descubre un entorno ideal con asesoramiento experto para llevar tus proyectos al siguiente nivel.","potentialAction":[{"@type":"SearchAction","target":{"@type":"EntryPoint","urlTemplate":"https:\/\/estudiofotograficolfdh.es\/?s={search_term_string}"},"query-input":{"@type":"PropertyValueSpecification","valueRequired":true,"valueName":"search_term_string"}}],"inLanguage":"en-US"}]}},"_links":{"self":[{"href":"https:\/\/estudiofotograficolfdh.es\/en\/wp-json\/wp\/v2\/pages\/16","targetHints":{"allow":["GET"]}}],"collection":[{"href":"https:\/\/estudiofotograficolfdh.es\/en\/wp-json\/wp\/v2\/pages"}],"about":[{"href":"https:\/\/estudiofotograficolfdh.es\/en\/wp-json\/wp\/v2\/types\/page"}],"author":[{"embeddable":true,"href":"https:\/\/estudiofotograficolfdh.es\/en\/wp-json\/wp\/v2\/users\/2"}],"replies":[{"embeddable":true,"href":"https:\/\/estudiofotograficolfdh.es\/en\/wp-json\/wp\/v2\/comments?post=16"}],"version-history":[{"count":26,"href":"https:\/\/estudiofotograficolfdh.es\/en\/wp-json\/wp\/v2\/pages\/16\/revisions"}],"predecessor-version":[{"id":1212,"href":"https:\/\/estudiofotograficolfdh.es\/en\/wp-json\/wp\/v2\/pages\/16\/revisions\/1212"}],"wp:attachment":[{"href":"https:\/\/estudiofotograficolfdh.es\/en\/wp-json\/wp\/v2\/media?parent=16"}],"curies":[{"name":"wp","href":"https:\/\/api.w.org\/{rel}","templated":true}]}}